{"id":2,"date":"2020-06-15T10:00:22","date_gmt":"2020-06-15T08:00:22","guid":{"rendered":"http:\/\/lignesautoeditions.fr\/?page_id=2"},"modified":"2021-11-01T14:30:42","modified_gmt":"2021-11-01T13:30:42","slug":"page-d-exemple","status":"publish","type":"page","link":"https:\/\/lignesautoeditions.fr\/?page_id=2","title":{"rendered":"QUI SOMMES-NOUS ?"},"content":{"rendered":"\n<p style=\"font-size:18px\">LIGNES\/auto \u00c9ditions et le site \u00e9ponyme ont \u00e9t\u00e9 cr\u00e9\u00e9s par Christophe Bonnaud, journaliste-auteur, sp\u00e9cialis\u00e9 dans le design automobile. Devant le succ\u00e8s du site sp\u00e9cialis\u00e9 <a href=\"https:\/\/lignesauto.fr\">https:\/\/lignesauto.fr<\/a> Christophe a d\u00e9cid\u00e9 de cr\u00e9er un prolongement \u00ab\u00a0papier\u00a0\u00bb respectant les fondamentaux du site. Audacieux ? Et pourquoi pas !?  <\/p>\n\n\n\n<p style=\"font-size:18px\"><em>LIGNES\/auto \u00c9ditions and the eponymous site were created by Christophe Bonnaud, a journalist-author specialising in automotive design. Given the success of the specialised site https:\/\/lignesauto.fr Christophe decided to create a \u00ab\u00a0paper\u00a0\u00bb extension respecting the site&rsquo;s fundamentals.<\/em><\/p>\n\n\n\n<figure class=\"wp-block-image size-large\"><a href=\"https:\/\/lignesauto.fr\"><img loading=\"lazy\" width=\"1024\" height=\"519\" src=\"http:\/\/lignesautoeditions.fr\/wp-content\/uploads\/2020\/09\/Capture-de\u0301cran-2020-09-22-a\u0300-07.59.49-1024x519.png\" alt=\"\" class=\"wp-image-131\" srcset=\"https:\/\/lignesautoeditions.fr\/wp-content\/uploads\/2020\/09\/Capture-de\u0301cran-2020-09-22-a\u0300-07.59.49-1024x519.png 1024w, https:\/\/lignesautoeditions.fr\/wp-content\/uploads\/2020\/09\/Capture-de\u0301cran-2020-09-22-a\u0300-07.59.49-300x152.png 300w, https:\/\/lignesautoeditions.fr\/wp-content\/uploads\/2020\/09\/Capture-de\u0301cran-2020-09-22-a\u0300-07.59.49-768x389.png 768w, https:\/\/lignesautoeditions.fr\/wp-content\/uploads\/2020\/09\/Capture-de\u0301cran-2020-09-22-a\u0300-07.59.49.png 1417w\" sizes=\"(max-width: 1024px) 100vw, 1024px\" \/><\/a><\/figure>\n\n\n\n<p style=\"font-size:18px\">LIGNES\/auto \u00c9ditions (<a href=\"https:\/\/lignesautoeditions.fr\">https:\/\/lignesautoeditions.fr<\/a>) est une micro-entreprise cr\u00e9\u00e9e dans le but de diffuser trois collections :<br>-trimestriels bilingues LIGNES\/auto,<br>-livres sur les designers,<br>&#8211; livres format \u00ab\u00a0poche\u00a0\u00bb sur le th\u00e8me automobile.<\/p>\n\n\n\n<p style=\"font-size:18px\"><em>LIGNES\/auto \u00c9ditions (https:\/\/lignesautoeditions.fr) is a micro-enterprise created with the aim of distributing three collections:<br>-bilingual quarterly LIGNES\/auto,<br>-books on designers,<\/em><br><em>-pocket-sized books on the theme of the automobile.<\/em><\/p>\n\n\n\n<figure class=\"wp-block-image size-large\"><img loading=\"lazy\" width=\"1024\" height=\"761\" src=\"https:\/\/lignesautoeditions.fr\/wp-content\/uploads\/2021\/10\/2_-UNE-LIVRE-LE-QUEMENT-1024x761.png\" alt=\"\" class=\"wp-image-874\" srcset=\"https:\/\/lignesautoeditions.fr\/wp-content\/uploads\/2021\/10\/2_-UNE-LIVRE-LE-QUEMENT-1024x761.png 1024w, https:\/\/lignesautoeditions.fr\/wp-content\/uploads\/2021\/10\/2_-UNE-LIVRE-LE-QUEMENT-300x223.png 300w, https:\/\/lignesautoeditions.fr\/wp-content\/uploads\/2021\/10\/2_-UNE-LIVRE-LE-QUEMENT-768x571.png 768w, https:\/\/lignesautoeditions.fr\/wp-content\/uploads\/2021\/10\/2_-UNE-LIVRE-LE-QUEMENT.png 1417w\" sizes=\"(max-width: 1024px) 100vw, 1024px\" \/><\/figure>\n\n\n\n<p style=\"font-size:18px\">LIGNES\/auto \u00c9ditions a \u00e9t\u00e9 cr\u00e9\u00e9e le 1er octobre 2020 \u00e0 la Chambre du Commerce de Seine et Marne. Vous pouvez contacter LIGNES\/auto \u00c9ditions par mail : <a href=\"mailto:lignesautoeditions@gmail.com\">lignesautoeditions@gmail.com<\/a> <\/p>\n\n\n\n<p style=\"font-size:18px\"><em>LIGNES\/auto \u00c9ditions was created on October 1st, 2020 at the Seine et Marne Chamber of Commerce. You can contact LIGNES\/auto \u00c9ditions by email : <\/em><a href=\"mailto:lignesautoeditions@gmail.com\">lignesautoeditions@gmail.com<\/a><\/p>\n\n\n\n<figure class=\"wp-block-image size-large\"><img loading=\"lazy\" width=\"1024\" height=\"312\" src=\"http:\/\/lignesautoeditions.fr\/wp-content\/uploads\/2020\/06\/LIGNESauto-EDITIONS-1024x312.png\" alt=\"\" class=\"wp-image-5\" srcset=\"https:\/\/lignesautoeditions.fr\/wp-content\/uploads\/2020\/06\/LIGNESauto-EDITIONS-1024x312.png 1024w, https:\/\/lignesautoeditions.fr\/wp-content\/uploads\/2020\/06\/LIGNESauto-EDITIONS-300x91.png 300w, https:\/\/lignesautoeditions.fr\/wp-content\/uploads\/2020\/06\/LIGNESauto-EDITIONS-768x234.png 768w\" sizes=\"(max-width: 1024px) 100vw, 1024px\" \/><\/figure>\n","protected":false},"excerpt":{"rendered":"<p>LIGNES\/auto \u00c9ditions et le site \u00e9ponyme ont \u00e9t\u00e9 cr\u00e9\u00e9s par Christophe Bonnaud, journaliste-auteur, sp\u00e9cialis\u00e9 dans le design automobile. Devant le succ\u00e8s du site sp\u00e9cialis\u00e9 https:\/\/lignesauto.fr Christophe a d\u00e9cid\u00e9 de cr\u00e9er &hellip; <a href=\"https:\/\/lignesautoeditions.fr\/?page_id=2\" class=\"more-link\">Read More<\/a><\/p>\n","protected":false},"author":1,"featured_media":0,"parent":0,"menu_order":0,"comment_status":"closed","ping_status":"open","template":"","meta":[],"_links":{"self":[{"href":"https:\/\/lignesautoeditions.fr\/index.php?rest_route=\/wp\/v2\/pages\/2"}],"collection":[{"href":"https:\/\/lignesautoeditions.fr\/index.php?rest_route=\/wp\/v2\/pages"}],"about":[{"href":"https:\/\/lignesautoeditions.fr\/index.php?rest_route=\/wp\/v2\/types\/page"}],"author":[{"embeddable":true,"href":"https:\/\/lignesautoeditions.fr\/index.php?rest_route=\/wp\/v2\/users\/1"}],"replies":[{"embeddable":true,"href":"https:\/\/lignesautoeditions.fr\/index.php?rest_route=%2Fwp%2Fv2%2Fcomments&post=2"}],"version-history":[{"count":25,"href":"https:\/\/lignesautoeditions.fr\/index.php?rest_route=\/wp\/v2\/pages\/2\/revisions"}],"predecessor-version":[{"id":919,"href":"https:\/\/lignesautoeditions.fr\/index.php?rest_route=\/wp\/v2\/pages\/2\/revisions\/919"}],"wp:attachment":[{"href":"https:\/\/lignesautoeditions.fr\/index.php?rest_route=%2Fwp%2Fv2%2Fmedia&parent=2"}],"curies":[{"name":"wp","href":"https:\/\/api.w.org\/{rel}","templated":true}]}}